{"id":52,"date":"2022-08-25T12:32:05","date_gmt":"2022-08-25T10:32:05","guid":{"rendered":"https:\/\/pruebas.rockceramic.es\/?page_id=52"},"modified":"2025-01-17T10:26:36","modified_gmt":"2025-01-17T09:26:36","slug":"proyectos","status":"publish","type":"page","link":"https:\/\/www.rockceramic.es\/en\/proyectos\/","title":{"rendered":"PROJECTS"},"content":{"rendered":"<div data-elementor-type=\"wp-page\" data-elementor-id=\"52\" class=\"elementor elementor-52\" data-elementor-post-type=\"page\">\n\t\t\t\t\t\t<section class=\"elementor-section elementor-top-section elementor-element elementor-element-1c7bb1c elementor-section-full_width elementor-section-height-default elementor-section-height-default\" data-id=\"1c7bb1c\" data-element_type=\"section\">\n\t\t\t\t\t\t<div class=\"elementor-container elementor-column-gap-default\">\n\t\t\t\t\t<div class=\"elementor-column elementor-col-25 elementor-top-column elementor-element elementor-element-abbfa12\" data-id=\"abbfa12\" data-element_type=\"column\">\n\t\t\t<div class=\"elementor-widget-wrap\">\n\t\t\t\t\t\t\t<\/div>\n\t\t<\/div>\n\t\t\t\t<div class=\"elementor-column elementor-col-50 elementor-top-column elementor-element elementor-element-019ba69\" data-id=\"019ba69\" data-element_type=\"column\">\n\t\t\t<div class=\"elementor-widget-wrap elementor-element-populated\">\n\t\t\t\t\t\t<div class=\"elementor-element elementor-element-bfef601 elementor-widget elementor-widget-spacer\" data-id=\"bfef601\" data-element_type=\"widget\" data-widget_type=\"spacer.default\">\n\t\t\t\t<div class=\"elementor-widget-container\">\n\t\t\t\t\t\t\t<div class=\"elementor-spacer\">\n\t\t\t<div class=\"elementor-spacer-inner\"><\/div>\n\t\t<\/div>\n\t\t\t\t\t\t<\/div>\n\t\t\t\t<\/div>\n\t\t\t\t<div class=\"elementor-element elementor-element-eedcbb0 dce-col-3 dce-posts-layout-default dce-col-tablet-3 dce-col-mobile-1 dce-align-left elementor-widget elementor-widget-dce-dynamicposts-v2\" data-id=\"eedcbb0\" data-element_type=\"widget\" id=\"proyectos-grid\" data-settings=\"{&quot;grid_match_height&quot;:&quot;yes&quot;,&quot;style_items&quot;:&quot;default&quot;,&quot;grid_grid_type&quot;:&quot;flex&quot;}\" data-widget_type=\"dce-dynamicposts-v2.grid\">\n\t\t\t\t<div class=\"elementor-widget-container\">\n\t\t\t\t\t\n\t\t<div class=\"dce-fix-background-loop dce-posts-container dce-posts dce-dynamic-posts-collection  dce-skin-grid dce-skin-grid-flex\">\n\t\t\t\t\t\t<div class=\"dce-posts-wrapper dce-wrapper-grid\">\n\t\t\t\n\t\t<article class=\"post-7588 proyecto type-proyecto status-publish has-post-thumbnail hentry dce-post dce-post-item dce-item-grid\" data-dce-post-id=\"7588\" data-dce-post-index=\"0\">\n\t\t\t<div class=\"dce-post-block\">\n\t\t<div class=\"dce-item dce-item_image elementor-repeater-item-02b212b\"><a class=\"dce-post-image\" href=\"https:\/\/www.rockceramic.es\/en\/project\/piscina-en-vivienda-residencial-con-azulejo-porcelanico-indy-blue\/\"><figure  class=\"dce-img\"><img loading=\"lazy\" decoding=\"async\" width=\"800\" height=\"600\" src=\"https:\/\/www.rockceramic.es\/wp-content\/uploads\/Piscina_Indy_Alicante_3-1024x768.jpeg\" class=\"\" alt=\"Residential Swimming Pool with Porcelain Tiles- Indy Blue\" srcset=\"https:\/\/www.rockceramic.es\/wp-content\/uploads\/Piscina_Indy_Alicante_3-1024x768.jpeg 1024w, https:\/\/www.rockceramic.es\/wp-content\/uploads\/Piscina_Indy_Alicante_3-300x225.jpeg 300w, https:\/\/www.rockceramic.es\/wp-content\/uploads\/Piscina_Indy_Alicante_3-768x576.jpeg 768w, https:\/\/www.rockceramic.es\/wp-content\/uploads\/Piscina_Indy_Alicante_3-1536x1152.jpeg 1536w, https:\/\/www.rockceramic.es\/wp-content\/uploads\/Piscina_Indy_Alicante_3-16x12.jpeg 16w, https:\/\/www.rockceramic.es\/wp-content\/uploads\/Piscina_Indy_Alicante_3.jpeg 1600w\" sizes=\"auto, (max-width: 800px) 100vw, 800px\" title=\"\"><\/figure><\/a><\/div><div class=\"dce-item dce-item_title elementor-repeater-item-b355383\"><h3 class=\"dce-post-title\"><a href=\"https:\/\/www.rockceramic.es\/en\/project\/piscina-en-vivienda-residencial-con-azulejo-porcelanico-indy-blue\/\">Residential Swimming Pool with Porcelain Tiles- Indy Blue<\/a><\/h3><\/div><div class=\"dce-item dce-item_custommeta elementor-repeater-item-86898bd\"><div class=\"dce-post-custommeta\"><div class=\"dce-meta-item dce-meta-86898bd dce-meta-text elementor-repeater-item-86898bd\"><div>Alicante, Espa\u00f1a<\/div><\/div><\/div><\/div>\t\t\t<\/div>\n\t\t<\/article>\n\t\t\n\t\t<article class=\"post-7338 proyecto type-proyecto status-publish has-post-thumbnail hentry dce-post dce-post-item dce-item-grid\" data-dce-post-id=\"7338\" data-dce-post-index=\"1\">\n\t\t\t<div class=\"dce-post-block\">\n\t\t<div class=\"dce-item dce-item_image elementor-repeater-item-02b212b\"><a class=\"dce-post-image\" href=\"https:\/\/www.rockceramic.es\/en\/project\/residential-home-in-the-city-of-thornton-cleveleys-united-kingdom\/\"><figure  class=\"dce-img\"><img loading=\"lazy\" decoding=\"async\" width=\"584\" height=\"1024\" src=\"https:\/\/www.rockceramic.es\/wp-content\/uploads\/COLONIA-GREY-PORCELANICO-APARTMENT-5-584x1024.jpeg\" class=\"\" alt=\"Residential home in the city of Thornton-Cleveleys, United Kingdom\" srcset=\"https:\/\/www.rockceramic.es\/wp-content\/uploads\/COLONIA-GREY-PORCELANICO-APARTMENT-5-584x1024.jpeg 584w, https:\/\/www.rockceramic.es\/wp-content\/uploads\/COLONIA-GREY-PORCELANICO-APARTMENT-5-171x300.jpeg 171w, https:\/\/www.rockceramic.es\/wp-content\/uploads\/COLONIA-GREY-PORCELANICO-APARTMENT-5-768x1348.jpeg 768w, https:\/\/www.rockceramic.es\/wp-content\/uploads\/COLONIA-GREY-PORCELANICO-APARTMENT-5-875x1536.jpeg 875w, https:\/\/www.rockceramic.es\/wp-content\/uploads\/COLONIA-GREY-PORCELANICO-APARTMENT-5-7x12.jpeg 7w, https:\/\/www.rockceramic.es\/wp-content\/uploads\/COLONIA-GREY-PORCELANICO-APARTMENT-5.jpeg 1167w\" sizes=\"auto, (max-width: 584px) 100vw, 584px\" title=\"\"><\/figure><\/a><\/div><div class=\"dce-item dce-item_title elementor-repeater-item-b355383\"><h3 class=\"dce-post-title\"><a href=\"https:\/\/www.rockceramic.es\/en\/project\/residential-home-in-the-city-of-thornton-cleveleys-united-kingdom\/\">Residential home in the city of Thornton-Cleveleys, United Kingdom<\/a><\/h3><\/div><div class=\"dce-item dce-item_custommeta elementor-repeater-item-86898bd\"><div class=\"dce-post-custommeta dce-post-custommeta\"><div class=\"dce-meta-item dce-meta-86898bd dce-meta-text elementor-repeater-item-86898bd\"><div>Thomton-Clevelyes, England<\/div><\/div><\/div><\/div>\t\t\t<\/div>\n\t\t<\/article>\n\t\t\n\t\t<article class=\"post-6719 proyecto type-proyecto status-publish has-post-thumbnail hentry dce-post dce-post-item dce-item-grid\" data-dce-post-id=\"6719\" data-dce-post-index=\"2\">\n\t\t\t<div class=\"dce-post-block\">\n\t\t<div class=\"dce-item dce-item_image elementor-repeater-item-02b212b\"><a class=\"dce-post-image\" href=\"https:\/\/www.rockceramic.es\/en\/project\/piscina\/\"><figure  class=\"dce-img\"><img loading=\"lazy\" decoding=\"async\" width=\"768\" height=\"1024\" src=\"https:\/\/www.rockceramic.es\/wp-content\/uploads\/Ibiza-Light-Blue-15x15-01-768x1024.jpg\" class=\"\" alt=\"Pool\" srcset=\"https:\/\/www.rockceramic.es\/wp-content\/uploads\/Ibiza-Light-Blue-15x15-01-768x1024.jpg 768w, https:\/\/www.rockceramic.es\/wp-content\/uploads\/Ibiza-Light-Blue-15x15-01-225x300.jpg 225w, https:\/\/www.rockceramic.es\/wp-content\/uploads\/Ibiza-Light-Blue-15x15-01-1152x1536.jpg 1152w, https:\/\/www.rockceramic.es\/wp-content\/uploads\/Ibiza-Light-Blue-15x15-01-9x12.jpg 9w, https:\/\/www.rockceramic.es\/wp-content\/uploads\/Ibiza-Light-Blue-15x15-01.jpg 1200w\" sizes=\"auto, (max-width: 768px) 100vw, 768px\" title=\"\"><\/figure><\/a><\/div><div class=\"dce-item dce-item_title elementor-repeater-item-b355383\"><h3 class=\"dce-post-title\"><a href=\"https:\/\/www.rockceramic.es\/en\/project\/piscina\/\">Pool<\/a><\/h3><\/div><div class=\"dce-item dce-item_custommeta elementor-repeater-item-86898bd\"><div class=\"dce-post-custommeta dce-post-custommeta dce-post-custommeta\"><div class=\"dce-meta-item dce-meta-86898bd dce-meta-text elementor-repeater-item-86898bd\"><div>Jordania<\/div><\/div><\/div><\/div>\t\t\t<\/div>\n\t\t<\/article>\n\t\t\n\t\t<article class=\"post-2907 proyecto type-proyecto status-publish has-post-thumbnail hentry dce-post dce-post-item dce-item-grid\" data-dce-post-id=\"2907\" data-dce-post-index=\"3\">\n\t\t\t<div class=\"dce-post-block\">\n\t\t<div class=\"dce-item dce-item_image elementor-repeater-item-02b212b\"><a class=\"dce-post-image\" href=\"https:\/\/www.rockceramic.es\/en\/project\/piscina-en-vivienda-residencial-3\/\"><figure  class=\"dce-img\"><img loading=\"lazy\" decoding=\"async\" width=\"800\" height=\"995\" src=\"https:\/\/www.rockceramic.es\/wp-content\/uploads\/COLONIA-NATURAL-30X60-PISCINA-1-823x1024.webp\" class=\"\" alt=\"Residential house pool\" srcset=\"https:\/\/www.rockceramic.es\/wp-content\/uploads\/COLONIA-NATURAL-30X60-PISCINA-1-823x1024.webp 823w, https:\/\/www.rockceramic.es\/wp-content\/uploads\/COLONIA-NATURAL-30X60-PISCINA-1-241x300.webp 241w, https:\/\/www.rockceramic.es\/wp-content\/uploads\/COLONIA-NATURAL-30X60-PISCINA-1-768x955.webp 768w, https:\/\/www.rockceramic.es\/wp-content\/uploads\/COLONIA-NATURAL-30X60-PISCINA-1-10x12.webp 10w, https:\/\/www.rockceramic.es\/wp-content\/uploads\/COLONIA-NATURAL-30X60-PISCINA-1.webp 1029w\" sizes=\"auto, (max-width: 800px) 100vw, 800px\" title=\"\"><\/figure><\/a><\/div><div class=\"dce-item dce-item_title elementor-repeater-item-b355383\"><h3 class=\"dce-post-title\"><a href=\"https:\/\/www.rockceramic.es\/en\/project\/piscina-en-vivienda-residencial-3\/\">Residential house pool<\/a><\/h3><\/div><div class=\"dce-item dce-item_custommeta elementor-repeater-item-86898bd\"><div class=\"dce-post-custommeta dce-post-custommeta dce-post-custommeta dce-post-custommeta\"><div class=\"dce-meta-item dce-meta-86898bd dce-meta-text elementor-repeater-item-86898bd\"><div>Murcia, Spain<\/div><\/div><\/div><\/div>\t\t\t<\/div>\n\t\t<\/article>\n\t\t\n\t\t<article class=\"post-2791 proyecto type-proyecto status-publish has-post-thumbnail hentry dce-post dce-post-item dce-item-grid\" data-dce-post-id=\"2791\" data-dce-post-index=\"4\">\n\t\t\t<div class=\"dce-post-block\">\n\t\t<div class=\"dce-item dce-item_image elementor-repeater-item-02b212b\"><a class=\"dce-post-image\" href=\"https:\/\/www.rockceramic.es\/en\/project\/mezquita\/\"><figure  class=\"dce-img\"><img loading=\"lazy\" decoding=\"async\" width=\"800\" height=\"600\" src=\"https:\/\/www.rockceramic.es\/wp-content\/uploads\/1-1024x768.jpg\" class=\"\" alt=\"Mosque\" srcset=\"https:\/\/www.rockceramic.es\/wp-content\/uploads\/1-1024x768.jpg 1024w, https:\/\/www.rockceramic.es\/wp-content\/uploads\/1-300x225.jpg 300w, https:\/\/www.rockceramic.es\/wp-content\/uploads\/1-768x576.jpg 768w, https:\/\/www.rockceramic.es\/wp-content\/uploads\/1-1536x1152.jpg 1536w, https:\/\/www.rockceramic.es\/wp-content\/uploads\/1.jpg 1772w\" sizes=\"auto, (max-width: 800px) 100vw, 800px\" title=\"\"><\/figure><\/a><\/div><div class=\"dce-item dce-item_title elementor-repeater-item-b355383\"><h3 class=\"dce-post-title\"><a href=\"https:\/\/www.rockceramic.es\/en\/project\/mezquita\/\">Mosque<\/a><\/h3><\/div><div class=\"dce-item dce-item_custommeta elementor-repeater-item-86898bd\"><div class=\"dce-post-custommeta dce-post-custommeta dce-post-custommeta dce-post-custommeta dce-post-custommeta\"><div class=\"dce-meta-item dce-meta-86898bd dce-meta-text elementor-repeater-item-86898bd\"><div>Tripoli, Libya<\/div><\/div><\/div><\/div>\t\t\t<\/div>\n\t\t<\/article>\n\t\t\n\t\t<article class=\"post-2630 proyecto type-proyecto status-publish has-post-thumbnail hentry dce-post dce-post-item dce-item-grid\" data-dce-post-id=\"2630\" data-dce-post-index=\"5\">\n\t\t\t<div class=\"dce-post-block\">\n\t\t<div class=\"dce-item dce-item_image elementor-repeater-item-02b212b\"><a class=\"dce-post-image\" href=\"https:\/\/www.rockceramic.es\/en\/project\/vivienda-residencial-4\/\"><figure  class=\"dce-img\"><img loading=\"lazy\" decoding=\"async\" width=\"800\" height=\"500\" src=\"https:\/\/www.rockceramic.es\/wp-content\/uploads\/Ambiente-Alaska-Gold-Salon-60X60-60X120-ok-1-1024x640.webp\" class=\"\" alt=\"Residential house\" srcset=\"https:\/\/www.rockceramic.es\/wp-content\/uploads\/Ambiente-Alaska-Gold-Salon-60X60-60X120-ok-1-1024x640.webp 1024w, https:\/\/www.rockceramic.es\/wp-content\/uploads\/Ambiente-Alaska-Gold-Salon-60X60-60X120-ok-1-300x188.webp 300w, https:\/\/www.rockceramic.es\/wp-content\/uploads\/Ambiente-Alaska-Gold-Salon-60X60-60X120-ok-1-768x480.webp 768w, https:\/\/www.rockceramic.es\/wp-content\/uploads\/Ambiente-Alaska-Gold-Salon-60X60-60X120-ok-1-1536x960.webp 1536w, https:\/\/www.rockceramic.es\/wp-content\/uploads\/Ambiente-Alaska-Gold-Salon-60X60-60X120-ok-1-2048x1280.webp 2048w, https:\/\/www.rockceramic.es\/wp-content\/uploads\/Ambiente-Alaska-Gold-Salon-60X60-60X120-ok-1-18x12.webp 18w\" sizes=\"auto, (max-width: 800px) 100vw, 800px\" title=\"\"><\/figure><\/a><\/div><div class=\"dce-item dce-item_title elementor-repeater-item-b355383\"><h3 class=\"dce-post-title\"><a href=\"https:\/\/www.rockceramic.es\/en\/project\/vivienda-residencial-4\/\">Residential house<\/a><\/h3><\/div><div class=\"dce-item dce-item_custommeta elementor-repeater-item-86898bd\"><div class=\"dce-post-custommeta dce-post-custommeta dce-post-custommeta dce-post-custommeta dce-post-custommeta dce-post-custommeta\"><div class=\"dce-meta-item dce-meta-86898bd dce-meta-text elementor-repeater-item-86898bd\"><div>Liverpool, United Kingdom<\/div><\/div><\/div><\/div>\t\t\t<\/div>\n\t\t<\/article>\n\t\t\t\t\t<\/div>\n\t\t\t\t\t<\/div>\n\t\t<div class=\"dce-pagination dce-pagination-bottom\" dir=\"\"><a href=\"https:\/\/www.rockceramic.es\/en\/wp-json\/wp\/v2\/pages\/52\/page\/2\/\" rel=\"next\" class=\"icon right\">View previous projects <i aria-hidden=\"true\" class=\"fas fa-angle-right\"><\/i><\/a><\/div>\t\t\t\t<\/div>\n\t\t\t\t<\/div>\n\t\t\t\t<div class=\"elementor-element elementor-element-ee0bd52 elementor-widget elementor-widget-spacer\" data-id=\"ee0bd52\" data-element_type=\"widget\" data-widget_type=\"spacer.default\">\n\t\t\t\t<div class=\"elementor-widget-container\">\n\t\t\t\t\t\t\t<div class=\"elementor-spacer\">\n\t\t\t<div class=\"elementor-spacer-inner\"><\/div>\n\t\t<\/div>\n\t\t\t\t\t\t<\/div>\n\t\t\t\t<\/div>\n\t\t\t\t\t<\/div>\n\t\t<\/div>\n\t\t\t\t<div class=\"elementor-column elementor-col-25 elementor-top-column elementor-element elementor-element-0ea271e\" data-id=\"0ea271e\" data-element_type=\"column\">\n\t\t\t<div class=\"elementor-widget-wrap\">\n\t\t\t\t\t\t\t<\/div>\n\t\t<\/div>\n\t\t\t\t\t<\/div>\n\t\t<\/section>\n\t\t\t\t<\/div>","protected":false},"excerpt":{"rendered":"<p>Piscina en vivienda residencial Murcia, Espa\u00f1a Mezquita Tr\u00edpoli, Libia Vivienda residencial Liverpool, Reino Unido Vivienda residencial Tarragona, Espa\u00f1a Vivienda residencial Londres, Reino Unido Piscina en vivienda residencial M\u00e1laga, Espa\u00f1a Ver proyectos anteriores<\/p>","protected":false},"author":1,"featured_media":0,"parent":0,"menu_order":0,"comment_status":"closed","ping_status":"closed","template":"elementor_header_footer","meta":{"_acf_changed":false,"footnotes":""},"class_list":["post-52","page","type-page","status-publish","hentry"],"acf":[],"_links":{"self":[{"href":"https:\/\/www.rockceramic.es\/en\/wp-json\/wp\/v2\/pages\/52","targetHints":{"allow":["GET"]}}],"collection":[{"href":"https:\/\/www.rockceramic.es\/en\/wp-json\/wp\/v2\/pages"}],"about":[{"href":"https:\/\/www.rockceramic.es\/en\/wp-json\/wp\/v2\/types\/page"}],"author":[{"embeddable":true,"href":"https:\/\/www.rockceramic.es\/en\/wp-json\/wp\/v2\/users\/1"}],"replies":[{"embeddable":true,"href":"https:\/\/www.rockceramic.es\/en\/wp-json\/wp\/v2\/comments?post=52"}],"version-history":[{"count":0,"href":"https:\/\/www.rockceramic.es\/en\/wp-json\/wp\/v2\/pages\/52\/revisions"}],"wp:attachment":[{"href":"https:\/\/www.rockceramic.es\/en\/wp-json\/wp\/v2\/media?parent=52"}],"curies":[{"name":"wp","href":"https:\/\/api.w.org\/{rel}","templated":true}]}}